{"id":1516,"date":"2022-09-15T20:28:23","date_gmt":"2022-09-15T18:28:23","guid":{"rendered":"https:\/\/nms-schwanberg.at\/ms-badschwanberg\/?page_id=1516"},"modified":"2022-09-15T20:28:23","modified_gmt":"2022-09-15T18:28:23","slug":"spanisch","status":"publish","type":"page","link":"https:\/\/nms-schwanberg.at\/ms-badschwanberg\/?page_id=1516","title":{"rendered":"Spanisch"},"content":{"rendered":"<p>Der Sprachenschwerpunkt Spanisch wird f\u00fcr Sch\u00fcler\/innen der Mittelschule Bad Schwanberg ab der 3. Klasse im Rahmen der Allgemeine Pflichtgegenst\u00e4nde (AP) angeboten. Dieser umfasst w\u00f6chentlich je zwei Schulstunden.<\/p>\n<p>Unsere Sch\u00fcler\/innen erhalten hierbei die Gelegenheit, neben Englisch eine weitere, internationale Fremdsprache n\u00e4her kennenzulernen und dadurch in eine neue sprachliche sowie kulturelle Welt \u201ehineinzuschnuppern\u201c. Dieser Kurs konzentriert sich in erster Linie auf das motivierende und spielerische Erarbeiten von Alltagsthemen (z.B. Begr\u00fc\u00dfung, Farben, Zahlen, usw.), auf grundlegende Kommunikationsstrategien sowie auf das Erlernen von neuem Vokabular im jeweiligen Kontext. Zus\u00e4tzlich werden kulturelle Themen (z.B. Feiertage, Feste, Geografie, Essen, usw.) in Bezug auf Spanien und Lateinamerika behandelt.<\/p>\n<p>Wenn Spanisch ab der 3. Klasse gew\u00e4hlt wird, baut der Inhalt der 4. Klasse auf dem des Vorjahres auf und wird dadurch erweitert und vertieft. Somit haben Sch\u00fcler\/innen (in weiterf\u00fchrenden Schulen) einen klaren Vorteil, da sie bereits Grundwissen im Spanischen mitbringen und dieses in weiterf\u00fchrenden Spanischkursen sowie auf Reisen sinnvoll anwenden k\u00f6nnen.<\/p>\n","protected":false},"excerpt":{"rendered":"<p>Der Sprachenschwerpunkt Spanisch wird f\u00fcr Sch\u00fcler\/innen der Mittelschule Bad Schwanberg ab der 3. Klasse im Rahmen der Allgemeine Pflichtgegenst\u00e4nde (AP) angeboten. Dieser umfasst w\u00f6chentlich je zwei Schulstunden. Unsere Sch\u00fcler\/innen erhalten hierbei die Gelegenheit, neben Englisch eine weitere, internationale Fremdsprache n\u00e4her kennenzulernen und dadurch in eine neue sprachliche sowie kulturelle Welt \u201ehineinzuschnuppern\u201c. Dieser Kurs konzentriert sich [&hellip;]<\/p>\n","protected":false},"author":1,"featured_media":1517,"parent":0,"menu_order":0,"comment_status":"closed","ping_status":"closed","template":"","meta":{"ngg_post_thumbnail":0,"footnotes":""},"class_list":["post-1516","page","type-page","status-publish","has-post-thumbnail","hentry"],"_links":{"self":[{"href":"https:\/\/nms-schwanberg.at\/ms-badschwanberg\/index.php?rest_route=\/wp\/v2\/pages\/1516","targetHints":{"allow":["GET"]}}],"collection":[{"href":"https:\/\/nms-schwanberg.at\/ms-badschwanberg\/index.php?rest_route=\/wp\/v2\/pages"}],"about":[{"href":"https:\/\/nms-schwanberg.at\/ms-badschwanberg\/index.php?rest_route=\/wp\/v2\/types\/page"}],"author":[{"embeddable":true,"href":"https:\/\/nms-schwanberg.at\/ms-badschwanberg\/index.php?rest_route=\/wp\/v2\/users\/1"}],"replies":[{"embeddable":true,"href":"https:\/\/nms-schwanberg.at\/ms-badschwanberg\/index.php?rest_route=%2Fwp%2Fv2%2Fcomments&post=1516"}],"version-history":[{"count":0,"href":"https:\/\/nms-schwanberg.at\/ms-badschwanberg\/index.php?rest_route=\/wp\/v2\/pages\/1516\/revisions"}],"wp:featuredmedia":[{"embeddable":true,"href":"https:\/\/nms-schwanberg.at\/ms-badschwanberg\/index.php?rest_route=\/wp\/v2\/media\/1517"}],"wp:attachment":[{"href":"https:\/\/nms-schwanberg.at\/ms-badschwanberg\/index.php?rest_route=%2Fwp%2Fv2%2Fmedia&parent=1516"}],"curies":[{"name":"wp","href":"https:\/\/api.w.org\/{rel}","templated":true}]}}