{"id":1534,"date":"2022-09-18T20:40:49","date_gmt":"2022-09-18T18:40:49","guid":{"rendered":"https:\/\/nms-schwanberg.at\/ms-badschwanberg\/?page_id=1534"},"modified":"2022-09-18T20:57:59","modified_gmt":"2022-09-18T18:57:59","slug":"englisch","status":"publish","type":"page","link":"https:\/\/nms-schwanberg.at\/ms-badschwanberg\/?page_id=1534","title":{"rendered":"Englisch"},"content":{"rendered":"<p>Der Englisch-Schwerpunkt eignet sich perfekt f\u00fcr Sch\u00fclerInnen, die ihre Englischkenntnisse vertiefen wollen. Was bedeutet das? Das hei\u00dft, dass unter anderem die Kompetenzen H\u00f6ren, Lesen und Schreiben gef\u00f6rdert werden. In erster Linie geht es aber vor allem um Kommunikation, denn das ist beim Erlernen einer Sprache essentiell. Die Sch\u00fclerInnen sollen sich \u00fcber verschiedenste Themen auf Englisch unterhalten und bei einem Auslandsaufenthalt mit ihren Englischkenntnissen brillieren k\u00f6nnen. Dabei werden wir unterschiedliche Themen behandeln, die sich sowohl mit der britischen und amerikanischen Kultur besch\u00e4ftigen als auch mit tagesaktuellen Themen. Der Englisch-Schwerpunkt ist perfekt f\u00fcr dich, wenn du neue sprachliche Herausforderungen suchst.<\/p>\n","protected":false},"excerpt":{"rendered":"<p>Der Englisch-Schwerpunkt eignet sich perfekt f\u00fcr Sch\u00fclerInnen, die ihre Englischkenntnisse vertiefen wollen. Was bedeutet das? Das hei\u00dft, dass unter anderem die Kompetenzen H\u00f6ren, Lesen und Schreiben gef\u00f6rdert werden. In erster Linie geht es aber vor allem um Kommunikation, denn das ist beim Erlernen einer Sprache essentiell. Die Sch\u00fclerInnen sollen sich \u00fcber verschiedenste Themen auf Englisch [&hellip;]<\/p>\n","protected":false},"author":1,"featured_media":1541,"parent":0,"menu_order":0,"comment_status":"closed","ping_status":"closed","template":"","meta":{"ngg_post_thumbnail":0,"footnotes":""},"class_list":["post-1534","page","type-page","status-publish","has-post-thumbnail","hentry"],"_links":{"self":[{"href":"https:\/\/nms-schwanberg.at\/ms-badschwanberg\/index.php?rest_route=\/wp\/v2\/pages\/1534","targetHints":{"allow":["GET"]}}],"collection":[{"href":"https:\/\/nms-schwanberg.at\/ms-badschwanberg\/index.php?rest_route=\/wp\/v2\/pages"}],"about":[{"href":"https:\/\/nms-schwanberg.at\/ms-badschwanberg\/index.php?rest_route=\/wp\/v2\/types\/page"}],"author":[{"embeddable":true,"href":"https:\/\/nms-schwanberg.at\/ms-badschwanberg\/index.php?rest_route=\/wp\/v2\/users\/1"}],"replies":[{"embeddable":true,"href":"https:\/\/nms-schwanberg.at\/ms-badschwanberg\/index.php?rest_route=%2Fwp%2Fv2%2Fcomments&post=1534"}],"version-history":[{"count":0,"href":"https:\/\/nms-schwanberg.at\/ms-badschwanberg\/index.php?rest_route=\/wp\/v2\/pages\/1534\/revisions"}],"wp:featuredmedia":[{"embeddable":true,"href":"https:\/\/nms-schwanberg.at\/ms-badschwanberg\/index.php?rest_route=\/wp\/v2\/media\/1541"}],"wp:attachment":[{"href":"https:\/\/nms-schwanberg.at\/ms-badschwanberg\/index.php?rest_route=%2Fwp%2Fv2%2Fmedia&parent=1534"}],"curies":[{"name":"wp","href":"https:\/\/api.w.org\/{rel}","templated":true}]}}