{"id":2762,"date":"2023-10-16T11:11:58","date_gmt":"2023-10-16T09:11:58","guid":{"rendered":"https:\/\/nms-schwanberg.at\/ms-badschwanberg\/?page_id=2762"},"modified":"2025-12-09T16:54:01","modified_gmt":"2025-12-09T15:54:01","slug":"ballsport","status":"publish","type":"page","link":"https:\/\/nms-schwanberg.at\/ms-badschwanberg\/?page_id=2762","title":{"rendered":"Ballsport"},"content":{"rendered":"<h2>&#8222;Wir sind eine Schule mit Ballsport-Schwerpunkt&#8220;<\/h2>\n<h3>Unsere Gr\u00fcnde und Motive:<\/h3>\n<ol>\n<li>Deutschlandsberg ist einer der ganz wenigen Bezirke ohne Fu\u00dfball-Schwerpunkt. Das zeigt sich bei den Leistungen der Sch\u00fclerligamannschaften bis hin zu den Spitzenvereinen des Bezirks.&nbsp;<strong>Wir sind die erste und einzige Schule des Bezirks mit Ballsport-Schwerpunkt. (Fu\u00dfball, Volleyball und Tennis)<\/strong><\/li>\n<li>Das Modell wird von den umliegenden Vereinen und Gemeinden mit Freude und Wohlwollen unterst\u00fctzt.<\/li>\n<\/ol>\n<h3>&nbsp;<\/h3>\n<h3>Das Modell hat Auswirkungen auf folgende Kernbereiche:<\/h3>\n<ul>\n<li><strong>Schule, Vereine, Gesellschaft, Region<\/strong><\/li>\n<li><strong>Pers\u00f6nlichkeitsentwicklung<\/strong><\/li>\n<li><strong>K\u00f6rperliche und sportliche Entwicklung<\/strong><\/li>\n<li><strong>Regionale Nachwuchsausbildung in Fu\u00dfball, Volleyball und Tennis<\/strong><\/li>\n<\/ul>\n<h3>&nbsp;<\/h3>\n<h3>Vorteile &#8211; folgende Punkte werden bestens gef\u00f6rdert:<\/h3>\n<ul>\n<li>Freude an Bewegung und Sport durch vielseitige Bewegungsangebote<\/li>\n<li>gr\u00f6\u00dferes Stundenangebot f\u00fcr interessierte Sch\u00fcler:innen<\/li>\n<li>gezielte Fu\u00dfball-Grundausbildung in Tecnik, Taktik und Spiel (auch f\u00fcr Vereine)<\/li>\n<li>Fu\u00dfball und Ballspiele f\u00fcr die M\u00e4dchen der Klasse<\/li>\n<li>Teamgeist, Soziales Lernen, Fair Play<\/li>\n<li>Sport als sinnvolle Freizeitbesch\u00e4ftigung<\/li>\n<li>Erfolgserlebnisse und Anerkennung sind wichtig f\u00fcr eine gesunde Entwicklung des Selbstwerts<\/li>\n<li>Gesundheitserziehung<\/li>\n<\/ul>\n<h3>&nbsp;<\/h3>\n<h3>Unsere Ziele:<\/h3>\n<p><strong>Sportlich:<\/strong><\/p>\n<ul>\n<li>optimale Kooperation zwischen Schule und Vereinen<\/li>\n<li>Kinder zum Ballsport bringen und halten<\/li>\n<li>fundierte Ausbildung &#8211; trotzdem Ballsport mit Spa\u00df durch altersgerechte Programme<\/li>\n<li>Qualit\u00e4tssteigerung f\u00fcr Sch\u00fclerliga-Mannschaften der Schule<\/li>\n<\/ul>\n<p><strong>Pers\u00f6nlich:<\/strong><\/p>\n<ul>\n<li>Teamgeist, Kameradschaft<\/li>\n<li>Disziplin, Konstanz<\/li>\n<li>Selbstwert<\/li>\n<li>Leistungsorientiertes und verantwortungsvolles Handeln und Denken<\/li>\n<\/ul>\n<h2>&nbsp;<\/h2>\n<h2>Aktuelle Erfolge im Schuljahr 2022\/23:<\/h2>\n<ul>\n<li><em>Hallenfu\u00dfballmeisterschaften f\u00fcr M\u00e4dchen:&nbsp;<\/em><strong>Vize-Landesme<em>ister<\/em><\/strong><\/li>\n<li><em>Feldbewerb Fu\u00dfball f\u00fcr M\u00e4dchen: <\/em><strong>Vize-Landesmeister<\/strong><\/li>\n<li><em>Sch\u00fclerliga Feldbewerb:<\/em> <strong>Bezirksmeister und Einzug ins Viertelfinale der Landesmeisterschaft<\/strong><\/li>\n<li><em>Sch\u00fclerliga Futsal-Hallenmeisterschaft Buben:<\/em> <strong>6. Platz<\/strong><\/li>\n<li><em>Schulmannschaft U15 Feldbewerb:<\/em> <strong>Vorrunden Gruppensieg und Einzug in den Landesbewerb<\/strong><\/li>\n<li><em>Handball<\/em> <strong>Bezirksmeister und 3. Platz im Landesfinale<\/strong><\/li>\n<li><strong>1x Gold, 2x Silber<\/strong> bei den <em>Crosslauf Bezirksmeisterschaften<\/em><\/li>\n<li><em>Volleyball M\u00e4dchen:<\/em> <strong>Bezirksturnier 1. und 3. Platz<\/strong><\/li>\n<li><em>Volleyball M\u00e4dchen:<\/em> <strong>Landesfinale Sch\u00fclerliga Volleyball 6. Platz<\/strong><\/li>\n<li><em>Volleyball Buben:<\/em> <strong>Landesfinale Sch\u00fclerliga Volleyball 7. Platz<\/strong><\/li>\n<li>Volleyball Buben: <strong>Bezirksturnier 1. und 3. Platz<\/strong><\/li>\n<\/ul>\nngg_shortcode_0_placeholder\n<div style=\"width: 600px;\" class=\"wp-video\"><video class=\"wp-video-shortcode\" id=\"video-2762-1\" width=\"600\" height=\"340\" preload=\"metadata\" controls=\"controls\"><source type=\"video\/mp4\" src=\"https:\/\/nms-schwanberg.at\/ms-badschwanberg\/wp-content\/uploads\/2025\/12\/VIDEO-2025-11-07-10-56-17.mp4?_=1\" \/><a href=\"https:\/\/nms-schwanberg.at\/ms-badschwanberg\/wp-content\/uploads\/2025\/12\/VIDEO-2025-11-07-10-56-17.mp4\">https:\/\/nms-schwanberg.at\/ms-badschwanberg\/wp-content\/uploads\/2025\/12\/VIDEO-2025-11-07-10-56-17.mp4<\/a><\/video><\/div>\n<div style=\"width: 600px;\" class=\"wp-video\"><video class=\"wp-video-shortcode\" id=\"video-2762-2\" width=\"600\" height=\"340\" preload=\"metadata\" controls=\"controls\"><source type=\"video\/mp4\" src=\"https:\/\/nms-schwanberg.at\/ms-badschwanberg\/wp-content\/uploads\/2025\/12\/VIDEO-2025-12-09-13-49-51.mp4?_=2\" \/><a href=\"https:\/\/nms-schwanberg.at\/ms-badschwanberg\/wp-content\/uploads\/2025\/12\/VIDEO-2025-12-09-13-49-51.mp4\">https:\/\/nms-schwanberg.at\/ms-badschwanberg\/wp-content\/uploads\/2025\/12\/VIDEO-2025-12-09-13-49-51.mp4<\/a><\/video><\/div>\n","protected":false},"excerpt":{"rendered":"<p>&#8222;Wir sind eine Schule mit Ballsport-Schwerpunkt&#8220; Unsere Gr\u00fcnde und Motive: Deutschlandsberg ist einer der ganz wenigen Bezirke ohne Fu\u00dfball-Schwerpunkt. Das zeigt sich bei den Leistungen der Sch\u00fclerligamannschaften bis hin zu den Spitzenvereinen des Bezirks.&nbsp;Wir sind die erste und einzige Schule des Bezirks mit Ballsport-Schwerpunkt. (Fu\u00dfball, Volleyball und Tennis) Das Modell wird von den umliegenden Vereinen [&hellip;]<\/p>\n","protected":false},"author":4,"featured_media":0,"parent":0,"menu_order":0,"comment_status":"closed","ping_status":"closed","template":"","meta":{"ngg_post_thumbnail":0,"footnotes":""},"class_list":["post-2762","page","type-page","status-publish","hentry"],"_links":{"self":[{"href":"https:\/\/nms-schwanberg.at\/ms-badschwanberg\/index.php?rest_route=\/wp\/v2\/pages\/2762","targetHints":{"allow":["GET"]}}],"collection":[{"href":"https:\/\/nms-schwanberg.at\/ms-badschwanberg\/index.php?rest_route=\/wp\/v2\/pages"}],"about":[{"href":"https:\/\/nms-schwanberg.at\/ms-badschwanberg\/index.php?rest_route=\/wp\/v2\/types\/page"}],"author":[{"embeddable":true,"href":"https:\/\/nms-schwanberg.at\/ms-badschwanberg\/index.php?rest_route=\/wp\/v2\/users\/4"}],"replies":[{"embeddable":true,"href":"https:\/\/nms-schwanberg.at\/ms-badschwanberg\/index.php?rest_route=%2Fwp%2Fv2%2Fcomments&post=2762"}],"version-history":[{"count":4,"href":"https:\/\/nms-schwanberg.at\/ms-badschwanberg\/index.php?rest_route=\/wp\/v2\/pages\/2762\/revisions"}],"predecessor-version":[{"id":4019,"href":"https:\/\/nms-schwanberg.at\/ms-badschwanberg\/index.php?rest_route=\/wp\/v2\/pages\/2762\/revisions\/4019"}],"wp:attachment":[{"href":"https:\/\/nms-schwanberg.at\/ms-badschwanberg\/index.php?rest_route=%2Fwp%2Fv2%2Fmedia&parent=2762"}],"curies":[{"name":"wp","href":"https:\/\/api.w.org\/{rel}","templated":true}]}}