{"id":3353,"date":"2026-01-21T16:15:06","date_gmt":"2026-01-21T15:15:06","guid":{"rendered":"https:\/\/nms-schwanberg.at\/ms-badschwanberg\/?page_id=3353"},"modified":"2026-01-21T16:33:02","modified_gmt":"2026-01-21T15:33:02","slug":"schulbeginn","status":"publish","type":"page","link":"https:\/\/nms-schwanberg.at\/ms-badschwanberg\/?page_id=3353","title":{"rendered":"Anmeldung Schuljahr 2026\/27"},"content":{"rendered":"<p><strong>Sehr geehrte Eltern und Erziehungsberechtigte!<\/strong><\/p>\n<p>Wir freuen uns auf den Schulbeginn des Schuljahres 2026\/27 und auf Sie\/euch alle!<\/p>\n<p>Wenn Sie Ihr Kind an unserer Schule anmelden m\u00f6chten, senden Sie uns bitte das ausgef\u00fcllter Anmeldeformular entweder per E-Mail an direktion@ms-badschwanberg.at oder geben Sie es pers\u00f6nlich in unserer Direktion ab.&nbsp;<\/p>\n<p>Anmeldeformular zum Downloaden:<\/p>\n<p><a href=\"https:\/\/nms-schwanberg.at\/ms-badschwanberg\/wp-content\/uploads\/2026\/01\/Anmeldung-Anmeldeformular-Mittelschule_Bad_Schwanberg-2026_27.pdf\">Anmeldung Anmeldeformular Mittelschule_Bad_Schwanberg 2026_27<\/a><\/p>\n<p><img loading=\"lazy\" decoding=\"async\" class=\"alignnone size-full wp-image-4117\" src=\"https:\/\/nms-schwanberg.at\/ms-badschwanberg\/wp-content\/uploads\/2026\/01\/Anmeldung-Anmeldeformular-Mittelschule_Bad_Schwanberg-2026_27.jpg\" alt=\"\" width=\"668\" height=\"913\" srcset=\"https:\/\/nms-schwanberg.at\/ms-badschwanberg\/wp-content\/uploads\/2026\/01\/Anmeldung-Anmeldeformular-Mittelschule_Bad_Schwanberg-2026_27.jpg 668w, https:\/\/nms-schwanberg.at\/ms-badschwanberg\/wp-content\/uploads\/2026\/01\/Anmeldung-Anmeldeformular-Mittelschule_Bad_Schwanberg-2026_27-219x300.jpg 219w\" sizes=\"auto, (max-width: 668px) 100vw, 668px\" \/><\/p>\n","protected":false},"excerpt":{"rendered":"<p>Sehr geehrte Eltern und Erziehungsberechtigte! Wir freuen uns auf den Schulbeginn des Schuljahres 2026\/27 und auf Sie\/euch alle! Wenn Sie Ihr Kind an unserer Schule anmelden m\u00f6chten, senden Sie uns bitte das ausgef\u00fcllter Anmeldeformular entweder per E-Mail an direktion@ms-badschwanberg.at oder geben Sie es pers\u00f6nlich in unserer Direktion ab.&nbsp; Anmeldeformular zum Downloaden: Anmeldung Anmeldeformular Mittelschule_Bad_Schwanberg 2026_27<\/p>\n","protected":false},"author":1,"featured_media":0,"parent":0,"menu_order":0,"comment_status":"closed","ping_status":"closed","template":"","meta":{"ngg_post_thumbnail":0,"footnotes":""},"class_list":["post-3353","page","type-page","status-publish","hentry"],"_links":{"self":[{"href":"https:\/\/nms-schwanberg.at\/ms-badschwanberg\/index.php?rest_route=\/wp\/v2\/pages\/3353","targetHints":{"allow":["GET"]}}],"collection":[{"href":"https:\/\/nms-schwanberg.at\/ms-badschwanberg\/index.php?rest_route=\/wp\/v2\/pages"}],"about":[{"href":"https:\/\/nms-schwanberg.at\/ms-badschwanberg\/index.php?rest_route=\/wp\/v2\/types\/page"}],"author":[{"embeddable":true,"href":"https:\/\/nms-schwanberg.at\/ms-badschwanberg\/index.php?rest_route=\/wp\/v2\/users\/1"}],"replies":[{"embeddable":true,"href":"https:\/\/nms-schwanberg.at\/ms-badschwanberg\/index.php?rest_route=%2Fwp%2Fv2%2Fcomments&post=3353"}],"version-history":[{"count":11,"href":"https:\/\/nms-schwanberg.at\/ms-badschwanberg\/index.php?rest_route=\/wp\/v2\/pages\/3353\/revisions"}],"predecessor-version":[{"id":4118,"href":"https:\/\/nms-schwanberg.at\/ms-badschwanberg\/index.php?rest_route=\/wp\/v2\/pages\/3353\/revisions\/4118"}],"wp:attachment":[{"href":"https:\/\/nms-schwanberg.at\/ms-badschwanberg\/index.php?rest_route=%2Fwp%2Fv2%2Fmedia&parent=3353"}],"curies":[{"name":"wp","href":"https:\/\/api.w.org\/{rel}","templated":true}]}}