{"id":3745,"date":"2025-02-25T17:40:55","date_gmt":"2025-02-25T16:40:55","guid":{"rendered":"https:\/\/nms-schwanberg.at\/ms-badschwanberg\/?page_id=3745"},"modified":"2025-02-25T17:44:11","modified_gmt":"2025-02-25T16:44:11","slug":"beurteilungen-einstufungen","status":"publish","type":"page","link":"https:\/\/nms-schwanberg.at\/ms-badschwanberg\/?page_id=3745","title":{"rendered":"Beurteilungen &#038; Einstufungen"},"content":{"rendered":"<p class=\"x_MsoNormal\" data-olk-copy-source=\"MessageBody\">In der&nbsp;<b>5. Schulstufe<\/b>&nbsp;wird das Notensystem wie in der Volksschule mit der 5-teiligen Notenskala (Sehr gut [1], Gut [2], Befriedigend [3], Gen\u00fcgend [4] und Nicht gen\u00fcgend [5]) in allen Unterrichtsgegenst\u00e4nden fortgef\u00fchrt.<\/p>\n<p class=\"x_MsoNormal\">Ab der&nbsp;<b>6. Schulstufe<\/b>&nbsp;wird bei der Beurteilung der Leistungen der Sch\u00fclerinnen und Sch\u00fcler in den Unterrichtsgegenst\u00e4nden&nbsp;<b>Deutsch,&nbsp;Mathematik&nbsp;und&nbsp;Englisch<\/b>&nbsp;zwischen zwei Leistungsniveaus unterschieden:<\/p>\n<p class=\"x_MsoNormal\"><b>\u201eSTANDARD\u201c und \u201eSTANDARD AHS\u201c<\/b><\/p>\n<p class=\"x_MsoNormal\">In beiden Leistungsniveaus sind die Noten 1-5 m\u00f6glich. Dabei entspricht die Beurteilung im Leistungsniveau \u201eStandard AHS\u201c der Beurteilung der AHS Unterstufe. Im Zeugnis wird ausgewiesen, nach welchem der beiden Leistungsniveaus eine Sch\u00fclerin bzw. ein Sch\u00fcler beurteilt wurde. Die Zuordnung der Sch\u00fclerinnen und Sch\u00fcler zum jeweils anderen Leistungsniveau ist m\u00f6glich.<\/p>\n<p><a href=\"https:\/\/nms-schwanberg.at\/ms-badschwanberg\/wp-content\/uploads\/2025\/02\/Benotungsmodell_fuer_MS.jpg\"><img loading=\"lazy\" decoding=\"async\" class=\"aligncenter wp-image-3746 size-full\" src=\"https:\/\/nms-schwanberg.at\/ms-badschwanberg\/wp-content\/uploads\/2025\/02\/Benotungsmodell_fuer_MS.jpg\" alt=\"\" width=\"360\" height=\"442\" srcset=\"https:\/\/nms-schwanberg.at\/ms-badschwanberg\/wp-content\/uploads\/2025\/02\/Benotungsmodell_fuer_MS.jpg 360w, https:\/\/nms-schwanberg.at\/ms-badschwanberg\/wp-content\/uploads\/2025\/02\/Benotungsmodell_fuer_MS-244x300.jpg 244w\" sizes=\"auto, (max-width: 360px) 100vw, 360px\" \/><\/a><\/p>\n","protected":false},"excerpt":{"rendered":"<p>In der&nbsp;5. Schulstufe&nbsp;wird das Notensystem wie in der Volksschule mit der 5-teiligen Notenskala (Sehr gut [1], Gut [2], Befriedigend [3], Gen\u00fcgend [4] und Nicht gen\u00fcgend [5]) in allen Unterrichtsgegenst\u00e4nden fortgef\u00fchrt. Ab der&nbsp;6. Schulstufe&nbsp;wird bei der Beurteilung der Leistungen der Sch\u00fclerinnen und Sch\u00fcler in den Unterrichtsgegenst\u00e4nden&nbsp;Deutsch,&nbsp;Mathematik&nbsp;und&nbsp;Englisch&nbsp;zwischen zwei Leistungsniveaus unterschieden: \u201eSTANDARD\u201c und \u201eSTANDARD AHS\u201c In beiden Leistungsniveaus [&hellip;]<\/p>\n","protected":false},"author":4,"featured_media":0,"parent":0,"menu_order":0,"comment_status":"closed","ping_status":"closed","template":"","meta":{"ngg_post_thumbnail":0,"footnotes":""},"class_list":["post-3745","page","type-page","status-publish","hentry"],"_links":{"self":[{"href":"https:\/\/nms-schwanberg.at\/ms-badschwanberg\/index.php?rest_route=\/wp\/v2\/pages\/3745","targetHints":{"allow":["GET"]}}],"collection":[{"href":"https:\/\/nms-schwanberg.at\/ms-badschwanberg\/index.php?rest_route=\/wp\/v2\/pages"}],"about":[{"href":"https:\/\/nms-schwanberg.at\/ms-badschwanberg\/index.php?rest_route=\/wp\/v2\/types\/page"}],"author":[{"embeddable":true,"href":"https:\/\/nms-schwanberg.at\/ms-badschwanberg\/index.php?rest_route=\/wp\/v2\/users\/4"}],"replies":[{"embeddable":true,"href":"https:\/\/nms-schwanberg.at\/ms-badschwanberg\/index.php?rest_route=%2Fwp%2Fv2%2Fcomments&post=3745"}],"version-history":[{"count":2,"href":"https:\/\/nms-schwanberg.at\/ms-badschwanberg\/index.php?rest_route=\/wp\/v2\/pages\/3745\/revisions"}],"predecessor-version":[{"id":3750,"href":"https:\/\/nms-schwanberg.at\/ms-badschwanberg\/index.php?rest_route=\/wp\/v2\/pages\/3745\/revisions\/3750"}],"wp:attachment":[{"href":"https:\/\/nms-schwanberg.at\/ms-badschwanberg\/index.php?rest_route=%2Fwp%2Fv2%2Fmedia&parent=3745"}],"curies":[{"name":"wp","href":"https:\/\/api.w.org\/{rel}","templated":true}]}}